{"id":7,"date":"2018-05-19T04:46:26","date_gmt":"2018-05-19T04:46:26","guid":{"rendered":"http:\/\/www.calounictvi-jablonec.cz\/?page_id=7"},"modified":"2018-05-19T20:44:13","modified_gmt":"2018-05-19T20:44:13","slug":"domu","status":"publish","type":"page","link":"https:\/\/www.calounictvi-jablonec.cz\/","title":{"rendered":"O n\u00e1s"},"content":{"rendered":"<p>Jsme \u010dalounick\u00e1 firma v Libereck\u00e9m kraji s dlouholetou tradic\u00ed a bohat\u00fdmi zku\u0161enostmi. Na trhu jsme ji\u017e od roku 1990. Nab\u00edz\u00edme V\u00e1m renovaci st\u00e1vaj\u00edc\u00edho n\u00e1bytku. Zab\u00fdv\u00e1me se tak\u00e9 v\u00fdrobou zcela nov\u00e9ho \u010daloun\u011bn\u00e9ho n\u00e1bytku a \u010daloun\u011bn\u00fdch prvk\u016f dle p\u0159edstav z\u00e1kazn\u00edka.<\/p>\n","protected":false},"excerpt":{"rendered":"<p>Jsme \u010dalounick\u00e1 firma v Libereck\u00e9m kraji s dlouholetou tradic\u00ed a bohat\u00fdmi zku\u0161enostmi. Na trhu jsme ji\u017e od roku 1990. Nab\u00edz\u00edme V\u00e1m renovaci st\u00e1vaj\u00edc\u00edho n\u00e1bytku. Zab\u00fdv\u00e1me se tak\u00e9 v\u00fdrobou zcela nov\u00e9ho \u010daloun\u011bn\u00e9ho n\u00e1bytku a \u010daloun\u011bn\u00fdch prvk\u016f dle p\u0159edstav z\u00e1kazn\u00edka.<\/p>\n","protected":false},"author":1,"featured_media":0,"parent":0,"menu_order":0,"comment_status":"closed","ping_status":"closed","template":"","meta":{"footnotes":""},"class_list":["post-7","page","type-page","status-publish","hentry"],"_links":{"self":[{"href":"https:\/\/www.calounictvi-jablonec.cz\/index.php\/wp-json\/wp\/v2\/pages\/7","targetHints":{"allow":["GET"]}}],"collection":[{"href":"https:\/\/www.calounictvi-jablonec.cz\/index.php\/wp-json\/wp\/v2\/pages"}],"about":[{"href":"https:\/\/www.calounictvi-jablonec.cz\/index.php\/wp-json\/wp\/v2\/types\/page"}],"author":[{"embeddable":true,"href":"https:\/\/www.calounictvi-jablonec.cz\/index.php\/wp-json\/wp\/v2\/users\/1"}],"replies":[{"embeddable":true,"href":"https:\/\/www.calounictvi-jablonec.cz\/index.php\/wp-json\/wp\/v2\/comments?post=7"}],"version-history":[{"count":11,"href":"https:\/\/www.calounictvi-jablonec.cz\/index.php\/wp-json\/wp\/v2\/pages\/7\/revisions"}],"predecessor-version":[{"id":195,"href":"https:\/\/www.calounictvi-jablonec.cz\/index.php\/wp-json\/wp\/v2\/pages\/7\/revisions\/195"}],"wp:attachment":[{"href":"https:\/\/www.calounictvi-jablonec.cz\/index.php\/wp-json\/wp\/v2\/media?parent=7"}],"curies":[{"name":"wp","href":"https:\/\/api.w.org\/{rel}","templated":true}]}}