{"id":41,"date":"2018-05-19T06:01:06","date_gmt":"2018-05-19T06:01:06","guid":{"rendered":"http:\/\/www.calounictvi-jablonec.cz\/?page_id=41"},"modified":"2020-02-20T17:29:13","modified_gmt":"2020-02-20T17:29:13","slug":"reference","status":"publish","type":"page","link":"https:\/\/www.calounictvi-jablonec.cz\/index.php\/reference\/","title":{"rendered":"Reference"},"content":{"rendered":"<p>Zde si m\u016f\u017eete prohl\u00e9dnout, pro jak\u00e9 firmy \u010di organizace jsme v minulosti pracovali. Uv\u00e1d\u00edme jen vybran\u00e9 reference.<\/p>\n<ul>\n<li>Preciosa a.s.<\/li>\n<li>Rekrea\u010dn\u00ed st\u0159edisko M\u00e1chovo jezero<\/li>\n<li>Penzion U Ku\u010der\u016f Mlad\u00e1 Boleslav<\/li>\n<li>Hotel SANION Mlad\u00e1 Boleslav<\/li>\n<li>Restaurace U Draka Jablonec nad Nisou<\/li>\n<li>Hotel a restaurace CORSO Jablonec nad Nisou<\/li>\n<li>Restaurace Ve Sklep\u011b Jablonec nad Nisou<\/li>\n<li>Penzion IBC REAL Praha, Bed\u0159ichov u Jablonce nad Nisou<\/li>\n<li>Rekrea\u010dn\u00ed st\u0159edisko PRECIOSA a.s., v Harrachov\u011b<\/li>\n<li>Restaurace FONT\u00c1NA Jablonec nad Nisou<\/li>\n<li>St\u0159elnice AVIM Sokolovsk\u00e1 ul. Praha<\/li>\n<li>Penzion Bi\u010di\u0161t\u011b Jablonec nad Nisou<\/li>\n<li>Restaurace U \u010cerven\u00fdch Jablonec nad Nisou<\/li>\n<li>Restaurace U T\u0159\u00ed kapr\u016f Jablonec nad Nisou<\/li>\n<li>Penzion H\u00e1jovna Jablonec nad Nisou<\/li>\n<li>Penzion Horn\u00ed \u010cern\u00e1 studnice u Jablonce nad Nisou<\/li>\n<li>Leti\u0161t\u011b Ho\u0159ice<\/li>\n<li>Soukrom\u00e1 \u0161kola Dobrovice Mlad\u00e1 Boleslav<\/li>\n<li>Penzion p. Volech Jablonec nad Nisou<\/li>\n<li>Bi\u017euterie \u010cesk\u00e1 mincovna<\/li>\n<li>Lukas Autobrzdy Jablonec nad Nisou<\/li>\n<li>Z\u00e1kladn\u00ed um\u011bleck\u00e1 \u0161kola Jablonec nad Nisou<\/li>\n<li>Restaurace \u0160enk u Zlat\u00e9ho lva Jablonec nad Nisou<\/li>\n<li>Pek\u00e1rna Rali\u0161 Dr\u017ekov<\/li>\n<li>MD interi\u00e9ry Drbohlav Jablonec nad Nisou<\/li>\n<li>BVL Lomnice nad Popelkou<\/li>\n<li>Kade\u0159nictv\u00ed Palack\u00e9ho Jablonec nad Nisou<\/li>\n<li>Scandia Tour, Jablonec nad Nisou<\/li>\n<li>Chata Prezidentsk\u00e1, Bed\u0159ichov u Jablonce nad Nisou<\/li>\n<li>Chata Pyramida, Jizerka<\/li>\n<li>Hotel Adria Ko\u0159enov<\/li>\n<li>LIAZ Mnichovo Hradi\u0161t\u011b<\/li>\n<li>CENTRUM BABYLON Liberec<\/li>\n<li>Restaurace Satelit kulturn\u00ed d\u016fm Liberec<\/li>\n<li>Naivn\u00ed divadlo Liberec<\/li>\n<li>Starom\u011bstsk\u00e1 knihovna v Praze<\/li>\n<li>D\u011btsk\u00fd domov Palack\u00e9ho ul. Jablonec nad Nisou<\/li>\n<li>Jedli\u010dk\u016fv \u00fastav Liberec<\/li>\n<li>LIKANAVATA Str\u00e1\u017e pod Ralskem<\/li>\n<li>Restaurace \u00c1\u010cKO Jablonec nad Nisou<\/li>\n<li>Hotel Sport Jablonec nad Nisou<\/li>\n<li>FK Slovan Liberec<\/li>\n<li>Penzion WEST Jablonec nad Nisou<\/li>\n<li>Rekrea\u010dn\u00ed chata Fakultn\u00ed nemocnice v Josefov\u011b Dole<\/li>\n<li>Rekrea\u010dn\u00ed chata ACHAT Janov nad Nisou<\/li>\n<li>Z\u00e1kladn\u00ed \u0161kola v Libereck\u00e9, Jablonec nad Nisou<\/li>\n<li>Z\u00e1kladn\u00ed \u0161kola M\u0161eno, Jablonec nad Nisou<\/li>\n<li>Z\u00e1kladn\u00ed \u0161kola Pivovarsk\u00e1, Jablonec nad Nisou<\/li>\n<li>D\u011bkansk\u00fd \u00fa\u0159ad, Jablonec nad Nisou<\/li>\n<li>Policie \u010cR, Jablonec nad Nisou<\/li>\n<li>M\u011bstsk\u00e1 policie, Jablonec nad Nisou<\/li>\n<li>Finan\u010dn\u00ed \u00fa\u0159ad Jablonec nad Nisou<\/li>\n<li>SPORT Jablonec nad Nisou, s.r.o. &#8211; M\u011bstsk\u00e1 hala<\/li>\n<li>Hotel Je\u0161t\u011bd Liberec<\/li>\n<li>Policie \u010cR, Liberec<\/li>\n<li>Beetz Jablonec<\/li>\n<li>Tip sport arena Liberec<\/li>\n<li>L\u00e9ka\u0159sk\u00e9 ordinace v Jablonci nad Nisou<\/li>\n<li>St\u00e1tn\u00ed zku\u0161ebna Jablonec nad Nisou<\/li>\n<li>Cardiofitness Jablonec nad Nisou<\/li>\n<li>Domov d\u016fchodc\u016f Paseky<\/li>\n<li>Hotel a Squash centrum B\u0159\u00edzky<\/li>\n<li>Restaurace P\u016flm\u011bs\u00edc v Jablonci nad Nisou<\/li>\n<li>Penzion D\u0159evona v Bed\u0159ichov\u011b<\/li>\n<li>Interiery Bacovsk\u00fd<\/li>\n<li>Restaurace Ex v Jablonci nad Nisou<\/li>\n<li>Plaveck\u00fd baz\u00e9n Jablonec nad Nisou<\/li>\n<li>Povod\u00ed Labe<\/li>\n<li>OSSZ Jablonec nad Nisou<\/li>\n<li>AG plus<\/li>\n<li>Hotel Praha Liberec<\/li>\n<li>Komplex Sklena\u0159ick\u00e9 chaloupky<\/li>\n<\/ul>\n","protected":false},"excerpt":{"rendered":"<p>Zde si m\u016f\u017eete prohl\u00e9dnout, pro jak\u00e9 firmy \u010di organizace jsme v minulosti pracovali. Uv\u00e1d\u00edme jen vybran\u00e9 reference. Preciosa a.s. Rekrea\u010dn\u00ed st\u0159edisko M\u00e1chovo jezero Penzion U Ku\u010der\u016f Mlad\u00e1 Boleslav Hotel SANION Mlad\u00e1 Boleslav Restaurace U Draka Jablonec nad Nisou Hotel a restaurace CORSO Jablonec nad Nisou Restaurace Ve Sklep\u011b Jablonec nad Nisou Penzion IBC REAL Praha, &hellip; <\/p>\n<p class=\"link-more\"><a href=\"https:\/\/www.calounictvi-jablonec.cz\/index.php\/reference\/\" class=\"more-link\">Pokra\u010dovat ve \u010dten\u00ed<span class=\"screen-reader-text\"> &#8222;Reference&#8220;<\/span><\/a><\/p>\n","protected":false},"author":1,"featured_media":0,"parent":0,"menu_order":0,"comment_status":"closed","ping_status":"closed","template":"","meta":{"footnotes":""},"class_list":["post-41","page","type-page","status-publish","hentry"],"_links":{"self":[{"href":"https:\/\/www.calounictvi-jablonec.cz\/index.php\/wp-json\/wp\/v2\/pages\/41","targetHints":{"allow":["GET"]}}],"collection":[{"href":"https:\/\/www.calounictvi-jablonec.cz\/index.php\/wp-json\/wp\/v2\/pages"}],"about":[{"href":"https:\/\/www.calounictvi-jablonec.cz\/index.php\/wp-json\/wp\/v2\/types\/page"}],"author":[{"embeddable":true,"href":"https:\/\/www.calounictvi-jablonec.cz\/index.php\/wp-json\/wp\/v2\/users\/1"}],"replies":[{"embeddable":true,"href":"https:\/\/www.calounictvi-jablonec.cz\/index.php\/wp-json\/wp\/v2\/comments?post=41"}],"version-history":[{"count":3,"href":"https:\/\/www.calounictvi-jablonec.cz\/index.php\/wp-json\/wp\/v2\/pages\/41\/revisions"}],"predecessor-version":[{"id":216,"href":"https:\/\/www.calounictvi-jablonec.cz\/index.php\/wp-json\/wp\/v2\/pages\/41\/revisions\/216"}],"wp:attachment":[{"href":"https:\/\/www.calounictvi-jablonec.cz\/index.php\/wp-json\/wp\/v2\/media?parent=41"}],"curies":[{"name":"wp","href":"https:\/\/api.w.org\/{rel}","templated":true}]}}